{"id":3729,"date":"2021-09-30T18:15:05","date_gmt":"2021-09-30T16:15:05","guid":{"rendered":"https:\/\/afundacion.tv\/politica-de-privacidade\/"},"modified":"2024-05-16T14:00:15","modified_gmt":"2024-05-16T12:00:15","slug":"politica-de-privacidade","status":"publish","type":"page","link":"https:\/\/afundacion.tv\/gl\/politica-de-privacidade\/","title":{"rendered":"Pol\u00edtica de Privacidade"},"content":{"rendered":"<div class=\"wpb-content-wrapper\">[vc_row][vc_column][vc_empty_space]<h1 class=\"vcex-heading vcex-heading-plain vcex-module wpex-heading wpex-text-2xl af-encabezado-grande\"><span class=\"vcex-heading-inner wpex-inline-block\">POL\u00cdTICA DE PRIVACIDADE<\/span><\/h1>[vc_empty_space height=&#8221;60px&#8221;]<div class=\"vcex-heading vcex-heading-plain vcex-module wpex-heading wpex-text-2xl\"><span class=\"vcex-heading-inner wpex-inline-block\">1. QUEN \u00c9 O RESPONSABLE DO TRATAMENTO DOS DATOS?<\/span><\/div>[vc_column_text]<span style=\"font-weight: 400;\">A Fundaci\u00f3n Galicia Obra Social (\u201cAfundaci\u00f3n\u201d en diante), con domicilio social na Coru\u00f1a, Cant\u00f3n Grande 8, C\u00f3digo Postal 15003 e N.I.F. G70270293; \u00e9 a titular do portal www.afundacion.tv (o \u201cPortal\u201d, as\u00ed mesmo, en diante), que pon ao dispor das persoas usuarias da Internet.<\/span>[\/vc_column_text][vc_empty_space]<div class=\"vcex-heading vcex-heading-plain vcex-module wpex-heading wpex-text-2xl\"><span class=\"vcex-heading-inner wpex-inline-block\">2. DELEGACI\u00d3N DE PROTECCI\u00d3N DE DATOS<\/span><\/div>[vc_column_text]<span style=\"font-weight: 400;\">A direcci\u00f3n de contacto da delegaci\u00f3n de protecci\u00f3n de datos \u00e9: <\/span><a href=\"mailto:rgpd@afundacion.org\"><span style=\"font-weight: 400;\">rgpd@afundacion.org<\/span><\/a>[\/vc_column_text][vc_empty_space]<div class=\"vcex-heading vcex-heading-plain vcex-module wpex-heading wpex-text-2xl\"><span class=\"vcex-heading-inner wpex-inline-block\">3. DATOS TRATADOS, FINALIDADES E PRAZO DE CONSERVACI\u00d3N<\/span><\/div>[vc_column_text]<b>3.1 Tipolox\u00eda de datos\u00a0<\/b><\/p>\n<p><span style=\"font-weight: 400;\">Solicitaremos unicamente datos meramente identificativos, tanto no proceso de rexistro coma no de subscrici\u00f3n a contidos.\u00a0<\/span><\/p>\n<p><span style=\"font-weight: 400;\">Durante a navegaci\u00f3n, Afundaci\u00f3n obt\u00e9n datos que lle achegan informaci\u00f3n sobre usabilidade e preferencias das persoas usuarias, segundo os termos e condici\u00f3ns que se prev\u00e9n expresamente no apartado de <\/span><i><span style=\"font-weight: 400;\">cookies<\/span><\/i><span style=\"font-weight: 400;\">. Para estes efectos, util\u00edzanse algunhas que permiten interactuar con redes sociais ou outras plataformas externas directamente desde o Portal. A forma de interactuar da persoa usuaria e a informaci\u00f3n obtida durante a navegaci\u00f3n estar\u00e1 sometida \u00e1 configuraci\u00f3n de privacidade da propia persoa usuaria en cada rede social, podendo mesmo esas plataformas obter algunha informaci\u00f3n da s\u00faa navegaci\u00f3n, a\u00ednda que a persoa usuaria non faga uso dos seus servizos.<\/span><\/p>\n<p><b>3.2 Finalidades<\/b><\/p>\n<p><span style=\"font-weight: 400;\">Rexistro e acceso: O acceso ao Portal \u00e9 totalmente de balde. Con todo, Afundaci\u00f3n pon ao dispor das persoas usuarias que se rexistren, determinados contidos Premium e \u201c\u00e1 carta\u201d.\u00a0<\/span><\/p>\n<p><span style=\"font-weight: 400;\">Comunicaci\u00f3ns: Remitirase o <\/span><i><span style=\"font-weight: 400;\">newsletter<\/span><\/i><span style=\"font-weight: 400;\">, as\u00ed como comunicaci\u00f3ns publicitarias e\/ou comerciais<\/span><\/p>\n<p><b>3.3 Conservaci\u00f3n<\/b><\/p>\n<p><span style=\"font-weight: 400;\">Os datos ser\u00e1n conservados sempre que a persoa usuaria mante\u00f1a esa condici\u00f3n, proced\u00e9ndose \u00e1 s\u00faa cancelaci\u00f3n e posterior borrado, cando as\u00ed sexa solicitado pola mesma.<\/span>[\/vc_column_text][vc_empty_space]<div class=\"vcex-heading vcex-heading-plain vcex-module wpex-heading wpex-text-2xl\"><span class=\"vcex-heading-inner wpex-inline-block\">4. BASES LEXITIMADORAS DO TRATAMENTO DOS DATOS<\/span><\/div>[vc_column_text]De acordo aos tratamentos efectuados no Portal, informamos a seguir as bases de lexitimaci\u00f3n de cada un deles:<br \/>\n<strong>Consentimento:<\/strong> Ser\u00e1 debidamente solicitado no formulario de rexistro. O devandito consentimento ser\u00e1 revogable en calquera momento.<br \/>\n<strong>Interese lex\u00edtimo:<\/strong> De acordo a esta base de lexitimaci\u00f3n remitiranse comunicaci\u00f3ns \u00e1s persoas usuarias, avis\u00e1ndolles de contidos adecuados aos seus gustos e intereses.[\/vc_column_text][vc_empty_space]<div class=\"vcex-heading vcex-heading-plain vcex-module wpex-heading wpex-text-2xl\"><span class=\"vcex-heading-inner wpex-inline-block\">5. COMUNICACI\u00d3NS DE DATOS \/ TRANSFERENCIAS INTERNACIONAIS<\/span><\/div>[vc_column_text]Non se realizar\u00e1n cesi\u00f3ns nin comunicaci\u00f3ns de datos, salvo as expresamente previstas por lei.<br \/>\nNon se atopan previstas as transferencias internacionais de datos e os provedores de servizos at\u00f3panse no Espazo Econ\u00f3mico Europeo.[\/vc_column_text][vc_empty_space]<div class=\"vcex-heading vcex-heading-plain vcex-module wpex-heading wpex-text-2xl\"><span class=\"vcex-heading-inner wpex-inline-block\">6. EXERCICIO DE DEREITOS<\/span><\/div>[vc_column_text]<span style=\"font-weight: 400;\">As persoas usuarias te\u00f1en dereito a acceder aos seus datos persoais, as\u00ed como a solicitar a rectificaci\u00f3n dos datos inexactos ou, no seu caso, solicitar a s\u00faa supresi\u00f3n cando, entre outros motivos, os datos xa non sexan necesarios para os fins que foron recollidos. En determinadas circunstancias, as persoas interesadas poder\u00e1n solicitar a limitaci\u00f3n do tratamento dos seus datos ou opo\u00f1erse ao tratamento dos mesmos, nese caso unicamente, conservaranse para o exercicio ou a defensa de reclamaci\u00f3ns. Para todo iso, as persoas usuarias poder\u00e1n dirixir unha comunicaci\u00f3n por escrito ao Comit\u00e9 de Privacidade: Santo Andr\u00e9s 135-137, 2\u00aa,15003 da Coru\u00f1a, ou remitir un correo \u00e1 direcci\u00f3n <\/span><a href=\"mailto:rgpd@afundacion.org\"><span style=\"font-weight: 400;\">rgpd@afundacion.org<\/span><\/a><span style=\"font-weight: 400;\"> inclu\u00edndo, en ambos os casos, unha copia do documento nacional de identidade ou documentaci\u00f3n acreditativa equivalente. No caso de que desexe exercer o dereito de portabilidade, facilitaranse eses datos \u00e1 nova persoa Responsable.<\/span><\/p>\n<p><span style=\"font-weight: 400;\">Queda reco\u00f1ecido o dereito de interpo\u00f1er unha reclamaci\u00f3n perante a Axencia Espa\u00f1ola de Protecci\u00f3n de Datos, a trav\u00e9s da s\u00faa sede electr\u00f3nica <\/span><a href=\"https:\/\/sedeagpd.gob.es\/\"><span style=\"font-weight: 400;\">https:\/\/sedeagpd.gob.es\/<\/span><\/a>[\/vc_column_text][\/vc_column][\/vc_row]\n<\/div>","protected":false},"excerpt":{"rendered":"<p>[vc_row][vc_column][vc_empty_space][vc_empty_space height=&#8221;60px&#8221;][vc_column_text]A Fundaci\u00f3n Galicia Obra Social (\u201cAfundaci\u00f3n\u201d en diante), con domicilio social na Coru\u00f1a, Cant\u00f3n Grande 8, C\u00f3digo Postal 15003 e N.I.F. G70270293; \u00e9 a titular do portal www.afundacion.tv (o \u201cPortal\u201d, as\u00ed mesmo, en diante), que pon ao dispor das persoas usuarias da Internet.[\/vc_column_text][vc_empty_space][vc_column_text]A direcci\u00f3n de contacto da delegaci\u00f3n de protecci\u00f3n de datos \u00e9: rgpd@afundacion.org[\/vc_column_text][vc_empty_space][vc_column_text]3.1&hellip;<\/p>\n","protected":false},"author":1,"featured_media":0,"parent":0,"menu_order":0,"comment_status":"closed","ping_status":"closed","template":"","meta":{"_acf_changed":false,"inline_featured_image":false,"footnotes":""},"class_list":["post-3729","page","type-page","status-publish","hentry","entry","no-media"],"acf":[],"yoast_head":"<!-- This site is optimized with the Yoast SEO plugin v26.0 - https:\/\/yoast.com\/wordpress\/plugins\/seo\/ -->\n<title>Pol\u00edtica de Privacidade - Afundaci\u00f3n TV<\/title>\n<meta name=\"robots\" content=\"noindex, nofollow\" \/>\n<meta property=\"og:locale\" content=\"gl_ES\" \/>\n<meta property=\"og:type\" content=\"article\" \/>\n<meta property=\"og:title\" content=\"Pol\u00edtica de Privacidade - Afundaci\u00f3n TV\" \/>\n<meta property=\"og:description\" content=\"[vc_row][vc_column][vc_empty_space][vc_empty_space height=&#8221;60px&#8221;][vc_column_text]A Fundaci\u00f3n Galicia Obra Social (\u201cAfundaci\u00f3n\u201d en diante), con domicilio social na Coru\u00f1a, Cant\u00f3n Grande 8, C\u00f3digo Postal 15003 e N.I.F. G70270293; \u00e9 a titular do portal www.afundacion.tv (o \u201cPortal\u201d, as\u00ed mesmo, en diante), que pon ao dispor das persoas usuarias da Internet.[\/vc_column_text][vc_empty_space][vc_column_text]A direcci\u00f3n de contacto da delegaci\u00f3n de protecci\u00f3n de datos \u00e9: rgpd@afundacion.org[\/vc_column_text][vc_empty_space][vc_column_text]3.1&hellip;\" \/>\n<meta property=\"og:url\" content=\"https:\/\/afundacion.tv\/politica-de-privacidad\/\" \/>\n<meta property=\"og:site_name\" content=\"Afundaci\u00f3n TV\" \/>\n<meta property=\"article:modified_time\" content=\"2024-05-16T12:00:15+00:00\" \/>\n<meta name=\"twitter:card\" content=\"summary_large_image\" \/>\n<meta name=\"twitter:label1\" content=\"Tempo de lectura\" \/>\n\t<meta name=\"twitter:data1\" content=\"3 minutos\" \/>\n<script type=\"application\/ld+json\" class=\"yoast-schema-graph\">{\"@context\":\"https:\/\/schema.org\",\"@graph\":[{\"@type\":\"WebPage\",\"@id\":\"https:\/\/afundacion.tv\/politica-de-privacidad\/\",\"url\":\"https:\/\/afundacion.tv\/politica-de-privacidad\/\",\"name\":\"Pol\u00edtica de Privacidade - Afundaci\u00f3n TV\",\"isPartOf\":{\"@id\":\"https:\/\/afundacion.tv\/#website\"},\"datePublished\":\"2021-09-30T16:15:05+00:00\",\"dateModified\":\"2024-05-16T12:00:15+00:00\",\"breadcrumb\":{\"@id\":\"https:\/\/afundacion.tv\/politica-de-privacidad\/#breadcrumb\"},\"inLanguage\":\"gl-ES\",\"potentialAction\":[{\"@type\":\"ReadAction\",\"target\":[\"https:\/\/afundacion.tv\/politica-de-privacidad\/\"]}]},{\"@type\":\"BreadcrumbList\",\"@id\":\"https:\/\/afundacion.tv\/politica-de-privacidad\/#breadcrumb\",\"itemListElement\":[{\"@type\":\"ListItem\",\"position\":1,\"name\":\"Portada\",\"item\":\"https:\/\/afundacion.tv\/\"},{\"@type\":\"ListItem\",\"position\":2,\"name\":\"Pol\u00edtica de Privacidade\"}]},{\"@type\":\"WebSite\",\"@id\":\"https:\/\/afundacion.tv\/#website\",\"url\":\"https:\/\/afundacion.tv\/\",\"name\":\"Afundaci\u00f3n TV\",\"description\":\"\",\"publisher\":{\"@id\":\"https:\/\/afundacion.tv\/#organization\"},\"potentialAction\":[{\"@type\":\"SearchAction\",\"target\":{\"@type\":\"EntryPoint\",\"urlTemplate\":\"https:\/\/afundacion.tv\/?s={search_term_string}\"},\"query-input\":{\"@type\":\"PropertyValueSpecification\",\"valueRequired\":true,\"valueName\":\"search_term_string\"}}],\"inLanguage\":\"gl-ES\"},{\"@type\":\"Organization\",\"@id\":\"https:\/\/afundacion.tv\/#organization\",\"name\":\"Afundacion TV\",\"url\":\"https:\/\/afundacion.tv\/\",\"logo\":{\"@type\":\"ImageObject\",\"inLanguage\":\"gl-ES\",\"@id\":\"https:\/\/afundacion.tv\/#\/schema\/logo\/image\/\",\"url\":\"https:\/\/afundacion.tv\/wp-content\/uploads\/2021\/09\/atv-icon-152-01.png\",\"contentUrl\":\"https:\/\/afundacion.tv\/wp-content\/uploads\/2021\/09\/atv-icon-152-01.png\",\"width\":153,\"height\":153,\"caption\":\"Afundacion TV\"},\"image\":{\"@id\":\"https:\/\/afundacion.tv\/#\/schema\/logo\/image\/\"}}]}<\/script>\n<!-- \/ Yoast SEO plugin. -->","yoast_head_json":{"title":"Pol\u00edtica de Privacidade - Afundaci\u00f3n TV","robots":{"index":"noindex","follow":"nofollow"},"og_locale":"gl_ES","og_type":"article","og_title":"Pol\u00edtica de Privacidade - Afundaci\u00f3n TV","og_description":"[vc_row][vc_column][vc_empty_space][vc_empty_space height=&#8221;60px&#8221;][vc_column_text]A Fundaci\u00f3n Galicia Obra Social (\u201cAfundaci\u00f3n\u201d en diante), con domicilio social na Coru\u00f1a, Cant\u00f3n Grande 8, C\u00f3digo Postal 15003 e N.I.F. G70270293; \u00e9 a titular do portal www.afundacion.tv (o \u201cPortal\u201d, as\u00ed mesmo, en diante), que pon ao dispor das persoas usuarias da Internet.[\/vc_column_text][vc_empty_space][vc_column_text]A direcci\u00f3n de contacto da delegaci\u00f3n de protecci\u00f3n de datos \u00e9: rgpd@afundacion.org[\/vc_column_text][vc_empty_space][vc_column_text]3.1&hellip;","og_url":"https:\/\/afundacion.tv\/politica-de-privacidad\/","og_site_name":"Afundaci\u00f3n TV","article_modified_time":"2024-05-16T12:00:15+00:00","twitter_card":"summary_large_image","twitter_misc":{"Tempo de lectura":"3 minutos"},"schema":{"@context":"https:\/\/schema.org","@graph":[{"@type":"WebPage","@id":"https:\/\/afundacion.tv\/politica-de-privacidad\/","url":"https:\/\/afundacion.tv\/politica-de-privacidad\/","name":"Pol\u00edtica de Privacidade - Afundaci\u00f3n TV","isPartOf":{"@id":"https:\/\/afundacion.tv\/#website"},"datePublished":"2021-09-30T16:15:05+00:00","dateModified":"2024-05-16T12:00:15+00:00","breadcrumb":{"@id":"https:\/\/afundacion.tv\/politica-de-privacidad\/#breadcrumb"},"inLanguage":"gl-ES","potentialAction":[{"@type":"ReadAction","target":["https:\/\/afundacion.tv\/politica-de-privacidad\/"]}]},{"@type":"BreadcrumbList","@id":"https:\/\/afundacion.tv\/politica-de-privacidad\/#breadcrumb","itemListElement":[{"@type":"ListItem","position":1,"name":"Portada","item":"https:\/\/afundacion.tv\/"},{"@type":"ListItem","position":2,"name":"Pol\u00edtica de Privacidade"}]},{"@type":"WebSite","@id":"https:\/\/afundacion.tv\/#website","url":"https:\/\/afundacion.tv\/","name":"Afundaci\u00f3n TV","description":"","publisher":{"@id":"https:\/\/afundacion.tv\/#organization"},"potentialAction":[{"@type":"SearchAction","target":{"@type":"EntryPoint","urlTemplate":"https:\/\/afundacion.tv\/?s={search_term_string}"},"query-input":{"@type":"PropertyValueSpecification","valueRequired":true,"valueName":"search_term_string"}}],"inLanguage":"gl-ES"},{"@type":"Organization","@id":"https:\/\/afundacion.tv\/#organization","name":"Afundacion TV","url":"https:\/\/afundacion.tv\/","logo":{"@type":"ImageObject","inLanguage":"gl-ES","@id":"https:\/\/afundacion.tv\/#\/schema\/logo\/image\/","url":"https:\/\/afundacion.tv\/wp-content\/uploads\/2021\/09\/atv-icon-152-01.png","contentUrl":"https:\/\/afundacion.tv\/wp-content\/uploads\/2021\/09\/atv-icon-152-01.png","width":153,"height":153,"caption":"Afundacion TV"},"image":{"@id":"https:\/\/afundacion.tv\/#\/schema\/logo\/image\/"}}]}},"_links":{"self":[{"href":"https:\/\/afundacion.tv\/gl\/wp-json\/wp\/v2\/pages\/3729","targetHints":{"allow":["GET"]}}],"collection":[{"href":"https:\/\/afundacion.tv\/gl\/wp-json\/wp\/v2\/pages"}],"about":[{"href":"https:\/\/afundacion.tv\/gl\/wp-json\/wp\/v2\/types\/page"}],"author":[{"embeddable":true,"href":"https:\/\/afundacion.tv\/gl\/wp-json\/wp\/v2\/users\/1"}],"replies":[{"embeddable":true,"href":"https:\/\/afundacion.tv\/gl\/wp-json\/wp\/v2\/comments?post=3729"}],"version-history":[{"count":4,"href":"https:\/\/afundacion.tv\/gl\/wp-json\/wp\/v2\/pages\/3729\/revisions"}],"predecessor-version":[{"id":6160,"href":"https:\/\/afundacion.tv\/gl\/wp-json\/wp\/v2\/pages\/3729\/revisions\/6160"}],"wp:attachment":[{"href":"https:\/\/afundacion.tv\/gl\/wp-json\/wp\/v2\/media?parent=3729"}],"curies":[{"name":"wp","href":"https:\/\/api.w.org\/{rel}","templated":true}]}}