{"id":1457,"date":"2021-05-06T09:10:55","date_gmt":"2021-05-06T09:10:55","guid":{"rendered":"https:\/\/site.iconmarketing.es\/afundacion\/en-emision\/"},"modified":"2021-10-27T14:22:38","modified_gmt":"2021-10-27T12:22:38","slug":"en-emision","status":"publish","type":"page","link":"https:\/\/afundacion.tv\/gl\/en-emision\/","title":{"rendered":"En emisi\u00f3n"},"content":{"rendered":"<div class=\"wpb-content-wrapper\">[vc_row full_width=&#8221;stretch_row&#8221; el_class=&#8221;af-fila-padding-top-180&#8243;][vc_column width=&#8221;1\/12&#8243;][\/vc_column][vc_column width=&#8221;10\/12&#8243;][vc_raw_html]JTNDZGl2JTIwaWQlM0QlMjJhZi1lbmVtaXNpb24tcGxheWVyLWNvbnRhaW5lciUyMiUzRSUzQ2RpdiUyMGlkJTNEJTIyYWZfcGxheWVyX2VuZW1pc2lvbiUyMiUzRSUzQyUyRmRpdiUzRSUzQyUyRmRpdiUzRQ==[\/vc_raw_html][\/vc_column][vc_column width=&#8221;1\/12&#8243;][\/vc_column][\/vc_row][vc_row el_class=&#8221;af-blanco af-fila-padding-top-30 af-margin-bottom-90 af-contenedor-linea-tiempo&#8221;][vc_column width=&#8221;1\/12&#8243;][\/vc_column][vc_column width=&#8221;10\/12&#8243;]<div class=\"vcex-shortcode wpex-clr\">[extvssc id=&#8221;1488&#8243;]<\/div>[\/vc_column][vc_column width=&#8221;1\/12&#8243;][\/vc_column][\/vc_row]\n<\/div>","protected":false},"excerpt":{"rendered":"<p>[vc_row full_width=&#8221;stretch_row&#8221; el_class=&#8221;af-fila-padding-top-180&#8243;][vc_column width=&#8221;1\/12&#8243;][\/vc_column][vc_column width=&#8221;10\/12&#8243;][vc_raw_html]JTNDZGl2JTIwaWQlM0QlMjJhZi1lbmVtaXNpb24tcGxheWVyLWNvbnRhaW5lciUyMiUzRSUzQ2RpdiUyMGlkJTNEJTIyYWZfcGxheWVyX2VuZW1pc2lvbiUyMiUzRSUzQyUyRmRpdiUzRSUzQyUyRmRpdiUzRQ==[\/vc_raw_html][\/vc_column][vc_column width=&#8221;1\/12&#8243;][\/vc_column][\/vc_row][vc_row el_class=&#8221;af-blanco af-fila-padding-top-30 af-margin-bottom-90 af-contenedor-linea-tiempo&#8221;][vc_column width=&#8221;1\/12&#8243;][\/vc_column][vc_column width=&#8221;10\/12&#8243;][\/vc_column][vc_column width=&#8221;1\/12&#8243;][\/vc_column][\/vc_row]<\/p>\n","protected":false},"author":1,"featured_media":0,"parent":0,"menu_order":0,"comment_status":"closed","ping_status":"closed","template":"","meta":{"_acf_changed":false,"inline_featured_image":false,"footnotes":""},"class_list":["post-1457","page","type-page","status-publish","hentry","entry","no-media"],"acf":[],"yoast_head":"<!-- This site is optimized with the Yoast SEO plugin v26.0 - https:\/\/yoast.com\/wordpress\/plugins\/seo\/ -->\n<title>En emisi\u00f3n | Afundaci\u00f3n TV - Plataforma dixital de contido en li\u00f1a<\/title>\n<meta name=\"description\" content=\"Accede \u00e1 nosa plataforma de contidos audiovisuais en li\u00f1a e con\u00e9ctate aos nosos eventos con emisi\u00f3n en directo desde onde ti queiras.\" \/>\n<meta name=\"robots\" content=\"index, follow, max-snippet:-1, max-image-preview:large, max-video-preview:-1\" \/>\n<link rel=\"canonical\" href=\"https:\/\/afundacion.tv\/gl\/en-emision\/\" \/>\n<meta property=\"og:locale\" content=\"gl_ES\" \/>\n<meta property=\"og:type\" content=\"article\" \/>\n<meta property=\"og:title\" content=\"En emisi\u00f3n | Afundaci\u00f3n TV - Plataforma dixital de contido en li\u00f1a\" \/>\n<meta property=\"og:description\" content=\"Accede \u00e1 nosa plataforma de contidos audiovisuais en li\u00f1a e con\u00e9ctate aos nosos eventos con emisi\u00f3n en directo desde onde ti queiras.\" \/>\n<meta property=\"og:url\" content=\"https:\/\/afundacion.tv\/gl\/en-emision\/\" \/>\n<meta property=\"og:site_name\" content=\"Afundaci\u00f3n TV\" \/>\n<meta property=\"article:modified_time\" content=\"2021-10-27T12:22:38+00:00\" \/>\n<meta name=\"twitter:card\" content=\"summary_large_image\" \/>\n<script type=\"application\/ld+json\" class=\"yoast-schema-graph\">{\"@context\":\"https:\/\/schema.org\",\"@graph\":[{\"@type\":\"WebPage\",\"@id\":\"https:\/\/afundacion.tv\/gl\/en-emision\/\",\"url\":\"https:\/\/afundacion.tv\/gl\/en-emision\/\",\"name\":\"En emisi\u00f3n | Afundaci\u00f3n TV - Plataforma dixital de contido en li\u00f1a\",\"isPartOf\":{\"@id\":\"https:\/\/afundacion.tv\/#website\"},\"datePublished\":\"2021-05-06T09:10:55+00:00\",\"dateModified\":\"2021-10-27T12:22:38+00:00\",\"description\":\"Accede \u00e1 nosa plataforma de contidos audiovisuais en li\u00f1a e con\u00e9ctate aos nosos eventos con emisi\u00f3n en directo desde onde ti queiras.\",\"breadcrumb\":{\"@id\":\"https:\/\/afundacion.tv\/gl\/en-emision\/#breadcrumb\"},\"inLanguage\":\"gl-ES\",\"potentialAction\":[{\"@type\":\"ReadAction\",\"target\":[\"https:\/\/afundacion.tv\/gl\/en-emision\/\"]}]},{\"@type\":\"BreadcrumbList\",\"@id\":\"https:\/\/afundacion.tv\/gl\/en-emision\/#breadcrumb\",\"itemListElement\":[{\"@type\":\"ListItem\",\"position\":1,\"name\":\"Portada\",\"item\":\"https:\/\/afundacion.tv\/\"},{\"@type\":\"ListItem\",\"position\":2,\"name\":\"En emisi\u00f3n\"}]},{\"@type\":\"WebSite\",\"@id\":\"https:\/\/afundacion.tv\/#website\",\"url\":\"https:\/\/afundacion.tv\/\",\"name\":\"Afundaci\u00f3n TV\",\"description\":\"\",\"publisher\":{\"@id\":\"https:\/\/afundacion.tv\/#organization\"},\"potentialAction\":[{\"@type\":\"SearchAction\",\"target\":{\"@type\":\"EntryPoint\",\"urlTemplate\":\"https:\/\/afundacion.tv\/?s={search_term_string}\"},\"query-input\":{\"@type\":\"PropertyValueSpecification\",\"valueRequired\":true,\"valueName\":\"search_term_string\"}}],\"inLanguage\":\"gl-ES\"},{\"@type\":\"Organization\",\"@id\":\"https:\/\/afundacion.tv\/#organization\",\"name\":\"Afundacion TV\",\"url\":\"https:\/\/afundacion.tv\/\",\"logo\":{\"@type\":\"ImageObject\",\"inLanguage\":\"gl-ES\",\"@id\":\"https:\/\/afundacion.tv\/#\/schema\/logo\/image\/\",\"url\":\"https:\/\/afundacion.tv\/wp-content\/uploads\/2021\/09\/atv-icon-152-01.png\",\"contentUrl\":\"https:\/\/afundacion.tv\/wp-content\/uploads\/2021\/09\/atv-icon-152-01.png\",\"width\":153,\"height\":153,\"caption\":\"Afundacion TV\"},\"image\":{\"@id\":\"https:\/\/afundacion.tv\/#\/schema\/logo\/image\/\"}}]}<\/script>\n<!-- \/ Yoast SEO plugin. -->","yoast_head_json":{"title":"En emisi\u00f3n | Afundaci\u00f3n TV - Plataforma dixital de contido en li\u00f1a","description":"Accede \u00e1 nosa plataforma de contidos audiovisuais en li\u00f1a e con\u00e9ctate aos nosos eventos con emisi\u00f3n en directo desde onde ti queiras.","robots":{"index":"index","follow":"follow","max-snippet":"max-snippet:-1","max-image-preview":"max-image-preview:large","max-video-preview":"max-video-preview:-1"},"canonical":"https:\/\/afundacion.tv\/gl\/en-emision\/","og_locale":"gl_ES","og_type":"article","og_title":"En emisi\u00f3n | Afundaci\u00f3n TV - Plataforma dixital de contido en li\u00f1a","og_description":"Accede \u00e1 nosa plataforma de contidos audiovisuais en li\u00f1a e con\u00e9ctate aos nosos eventos con emisi\u00f3n en directo desde onde ti queiras.","og_url":"https:\/\/afundacion.tv\/gl\/en-emision\/","og_site_name":"Afundaci\u00f3n TV","article_modified_time":"2021-10-27T12:22:38+00:00","twitter_card":"summary_large_image","schema":{"@context":"https:\/\/schema.org","@graph":[{"@type":"WebPage","@id":"https:\/\/afundacion.tv\/gl\/en-emision\/","url":"https:\/\/afundacion.tv\/gl\/en-emision\/","name":"En emisi\u00f3n | Afundaci\u00f3n TV - Plataforma dixital de contido en li\u00f1a","isPartOf":{"@id":"https:\/\/afundacion.tv\/#website"},"datePublished":"2021-05-06T09:10:55+00:00","dateModified":"2021-10-27T12:22:38+00:00","description":"Accede \u00e1 nosa plataforma de contidos audiovisuais en li\u00f1a e con\u00e9ctate aos nosos eventos con emisi\u00f3n en directo desde onde ti queiras.","breadcrumb":{"@id":"https:\/\/afundacion.tv\/gl\/en-emision\/#breadcrumb"},"inLanguage":"gl-ES","potentialAction":[{"@type":"ReadAction","target":["https:\/\/afundacion.tv\/gl\/en-emision\/"]}]},{"@type":"BreadcrumbList","@id":"https:\/\/afundacion.tv\/gl\/en-emision\/#breadcrumb","itemListElement":[{"@type":"ListItem","position":1,"name":"Portada","item":"https:\/\/afundacion.tv\/"},{"@type":"ListItem","position":2,"name":"En emisi\u00f3n"}]},{"@type":"WebSite","@id":"https:\/\/afundacion.tv\/#website","url":"https:\/\/afundacion.tv\/","name":"Afundaci\u00f3n TV","description":"","publisher":{"@id":"https:\/\/afundacion.tv\/#organization"},"potentialAction":[{"@type":"SearchAction","target":{"@type":"EntryPoint","urlTemplate":"https:\/\/afundacion.tv\/?s={search_term_string}"},"query-input":{"@type":"PropertyValueSpecification","valueRequired":true,"valueName":"search_term_string"}}],"inLanguage":"gl-ES"},{"@type":"Organization","@id":"https:\/\/afundacion.tv\/#organization","name":"Afundacion TV","url":"https:\/\/afundacion.tv\/","logo":{"@type":"ImageObject","inLanguage":"gl-ES","@id":"https:\/\/afundacion.tv\/#\/schema\/logo\/image\/","url":"https:\/\/afundacion.tv\/wp-content\/uploads\/2021\/09\/atv-icon-152-01.png","contentUrl":"https:\/\/afundacion.tv\/wp-content\/uploads\/2021\/09\/atv-icon-152-01.png","width":153,"height":153,"caption":"Afundacion TV"},"image":{"@id":"https:\/\/afundacion.tv\/#\/schema\/logo\/image\/"}}]}},"_links":{"self":[{"href":"https:\/\/afundacion.tv\/gl\/wp-json\/wp\/v2\/pages\/1457","targetHints":{"allow":["GET"]}}],"collection":[{"href":"https:\/\/afundacion.tv\/gl\/wp-json\/wp\/v2\/pages"}],"about":[{"href":"https:\/\/afundacion.tv\/gl\/wp-json\/wp\/v2\/types\/page"}],"author":[{"embeddable":true,"href":"https:\/\/afundacion.tv\/gl\/wp-json\/wp\/v2\/users\/1"}],"replies":[{"embeddable":true,"href":"https:\/\/afundacion.tv\/gl\/wp-json\/wp\/v2\/comments?post=1457"}],"version-history":[{"count":18,"href":"https:\/\/afundacion.tv\/gl\/wp-json\/wp\/v2\/pages\/1457\/revisions"}],"predecessor-version":[{"id":2446,"href":"https:\/\/afundacion.tv\/gl\/wp-json\/wp\/v2\/pages\/1457\/revisions\/2446"}],"wp:attachment":[{"href":"https:\/\/afundacion.tv\/gl\/wp-json\/wp\/v2\/media?parent=1457"}],"curies":[{"name":"wp","href":"https:\/\/api.w.org\/{rel}","templated":true}]}}