{"id":1453,"date":"2021-05-06T09:13:31","date_gmt":"2021-05-06T09:13:31","guid":{"rendered":"https:\/\/site.iconmarketing.es\/afundacion\/sobre-afundaciontv\/"},"modified":"2021-10-27T14:26:24","modified_gmt":"2021-10-27T12:26:24","slug":"sobre-afundaciontv","status":"publish","type":"page","link":"https:\/\/afundacion.tv\/gl\/sobre-afundaciontv\/","title":{"rendered":"Sobre Afundaci\u00f3nTV"},"content":{"rendered":"<div class=\"wpb-content-wrapper\">[vc_row el_class=&#8221;af-fila-padding-top-90&#8243;][vc_column width=&#8221;1\/4&#8243;][\/vc_column][vc_column width=&#8221;1\/2&#8243;]<div class=\"vcex-heading vcex-heading-plain vcex-module wpex-heading wpex-text-2xl af-align-center af-encabezado-grande af-margin-bottom-30\"><span class=\"vcex-heading-inner wpex-inline-block\">Sobre Afundaci\u00f3n TV<\/span><\/div>[vc_column_text el_class=&#8221;af-align-center&#8221;]Afundaci\u00f3n TV \u00e9 a nosa plataforma de formaci\u00f3n divulgativa especializada en educaci\u00f3n, cultura, benestar, medioambiente e sustentabilidade. Un amplo abanico de temas pensados para ti.<\/p>\n[\/vc_column_text][\/vc_column][vc_column width=&#8221;1\/4&#8243;][\/vc_column][\/vc_row][vc_row content_placement=&#8221;middle&#8221; disable_element=&#8221;yes&#8221; columns_right=&#8221;yes&#8221; el_class=&#8221;af-margin-top-90 af-margin-bottom-90 af-mision-vision&#8221;][vc_column width=&#8221;1\/2&#8243;][vc_single_image image=&#8221;1454&#8243;][\/vc_column][vc_column width=&#8221;1\/2&#8243; el_class=&#8221;af-padding-right-120 af-padding-top-120 af-padding-bottom-120&#8243;]<div class=\"vcex-heading vcex-heading-plain vcex-module wpex-heading wpex-text-2xl af-encabezado-mediano af-encabezado-mitad-izq af-margin-bottom-30\"><span class=\"vcex-heading-inner wpex-inline-block\">Misi\u00f3n e visi\u00f3n<\/span><\/div>[vc_column_text el_class=&#8221;af-margin-bottom-30&#8243;]Afundaci\u00f3n, con vocaci\u00f3n transformadora, busca o desenvolvemento integral da sociedade galega dentro e f\u00f3ra da comunidade de Galicia mediante unha acci\u00f3n educativa, social e cultural.[\/vc_column_text][vc_column_text]Os nosos principais obxectivos son desenvolver un modelo de educaci\u00f3n superior innovador, de calidade e orientado \u00e1 empresa; potenciar o papel activo das persoas maiores na sociedade, e fomentar o co\u00f1ecemento a trav\u00e9s da cultura.[\/vc_column_text][\/vc_column][\/vc_row][vc_row full_width=&#8221;stretch_row_content&#8221; equal_height=&#8221;yes&#8221; el_class=&#8221;af-fila-extendida af-margin-top-90&#8243;][vc_column width=&#8221;1\/2&#8243; css=&#8221;.vc_custom_1621586446905{background-image: url(https:\/\/afundacion.tv\/wp-content\/uploads\/2021\/05\/escaleras-web.jpg?id=192) !important;background-position: center !important;background-repeat: no-repeat !important;background-size: cover !important;}&#8221; el_class=&#8221;af-columna-imagenfondo&#8221;][\/vc_column][vc_column width=&#8221;1\/2&#8243; css=&#8221;.vc_custom_1621586398967{background-color: #f1af27 !important;}&#8221; el_class=&#8221;af-blanco af-padding-left-180 af-padding-top-180 af-padding-bottom-180 af-con-fondo&#8221;]<div class=\"vcex-heading vcex-heading-plain vcex-module wpex-heading wpex-text-2xl af-encabezado-grande af-margin-bottom-30\"><span class=\"vcex-heading-inner wpex-inline-block\">Pensada para ti<\/span><\/div>[vc_column_text]A dixitalizaci\u00f3n cambiou a nosa forma de traballar, de viaxar, de comunicarnos e de formarnos\u2026\u00a0 Estes novos cambios abarcan todos os \u00e1mbitos da vida, desde como traballamos ata como nos formamos ou como nos entretemos.<\/p>\n<p>Por iso lanzamos Afundaci\u00f3n TV, unha plataforma de educaci\u00f3n, formaci\u00f3n e entretemento na rede\u00a0 para que aprendas e goces como, cando e onde queiras.<\/p>\n<p>Est\u00e1moste esperando.[\/vc_column_text]\t<a href=\"https:\/\/afundacion.tv\/gl\/crear-conta\/\" class=\"vcex-button theme-txt-link inline af-boton af-boton-azul\"><span class=\"theme-button-inner\">\u00a1Empezar!<\/span><\/a>\n<div class=\"vcex-shortcode wpex-clr\"><\/div>[\/vc_column][\/vc_row]\n<\/div>","protected":false},"excerpt":{"rendered":"<p>[vc_row el_class=&#8221;af-fila-padding-top-90&#8243;][vc_column width=&#8221;1\/4&#8243;][\/vc_column][vc_column width=&#8221;1\/2&#8243;][vc_column_text el_class=&#8221;af-align-center&#8221;]Afundaci\u00f3n TV \u00e9 a nosa plataforma de formaci\u00f3n divulgativa especializada en educaci\u00f3n, cultura, benestar, medioambiente e sustentabilidade. Un amplo abanico de temas pensados para ti. [\/vc_column_text][\/vc_column][vc_column width=&#8221;1\/4&#8243;][\/vc_column][\/vc_row][vc_row content_placement=&#8221;middle&#8221; disable_element=&#8221;yes&#8221; columns_right=&#8221;yes&#8221; el_class=&#8221;af-margin-top-90 af-margin-bottom-90 af-mision-vision&#8221;][vc_column width=&#8221;1\/2&#8243;][vc_single_image image=&#8221;1454&#8243;][\/vc_column][vc_column width=&#8221;1\/2&#8243; el_class=&#8221;af-padding-right-120 af-padding-top-120 af-padding-bottom-120&#8243;][vc_column_text el_class=&#8221;af-margin-bottom-30&#8243;]Afundaci\u00f3n, con vocaci\u00f3n transformadora, busca o desenvolvemento integral da sociedade galega dentro&hellip;<\/p>\n","protected":false},"author":1,"featured_media":0,"parent":0,"menu_order":0,"comment_status":"closed","ping_status":"closed","template":"","meta":{"_acf_changed":false,"inline_featured_image":false,"footnotes":""},"class_list":["post-1453","page","type-page","status-publish","hentry","entry","no-media"],"acf":[],"yoast_head":"<!-- This site is optimized with the Yoast SEO plugin v26.0 - https:\/\/yoast.com\/wordpress\/plugins\/seo\/ -->\n<title>Sobre n\u00f3s| Afundaci\u00f3n TV - Plataforma dixital de contido en li\u00f1a<\/title>\n<meta name=\"description\" content=\"Plataforma dixital da obra social ABANCA con contido de acceso gratu\u00edto sobre educaci\u00f3n, formaci\u00f3n e entretemento.\" \/>\n<meta name=\"robots\" content=\"index, follow, max-snippet:-1, max-image-preview:large, max-video-preview:-1\" \/>\n<link rel=\"canonical\" href=\"https:\/\/afundacion.tv\/gl\/sobre-afundaciontv\/\" \/>\n<meta property=\"og:locale\" content=\"gl_ES\" \/>\n<meta property=\"og:type\" content=\"article\" \/>\n<meta property=\"og:title\" content=\"Sobre n\u00f3s| Afundaci\u00f3n TV - Plataforma dixital de contido en li\u00f1a\" \/>\n<meta property=\"og:description\" content=\"Plataforma dixital da obra social ABANCA con contido de acceso gratu\u00edto sobre educaci\u00f3n, formaci\u00f3n e entretemento.\" \/>\n<meta property=\"og:url\" content=\"https:\/\/afundacion.tv\/gl\/sobre-afundaciontv\/\" \/>\n<meta property=\"og:site_name\" content=\"Afundaci\u00f3n TV\" \/>\n<meta property=\"article:modified_time\" content=\"2021-10-27T12:26:24+00:00\" \/>\n<meta name=\"twitter:card\" content=\"summary_large_image\" \/>\n<meta name=\"twitter:label1\" content=\"Tempo de lectura\" \/>\n\t<meta name=\"twitter:data1\" content=\"2 minutos\" \/>\n<script type=\"application\/ld+json\" class=\"yoast-schema-graph\">{\"@context\":\"https:\/\/schema.org\",\"@graph\":[{\"@type\":\"WebPage\",\"@id\":\"https:\/\/afundacion.tv\/gl\/sobre-afundaciontv\/\",\"url\":\"https:\/\/afundacion.tv\/gl\/sobre-afundaciontv\/\",\"name\":\"Sobre n\u00f3s| Afundaci\u00f3n TV - Plataforma dixital de contido en li\u00f1a\",\"isPartOf\":{\"@id\":\"https:\/\/afundacion.tv\/#website\"},\"datePublished\":\"2021-05-06T09:13:31+00:00\",\"dateModified\":\"2021-10-27T12:26:24+00:00\",\"description\":\"Plataforma dixital da obra social ABANCA con contido de acceso gratu\u00edto sobre educaci\u00f3n, formaci\u00f3n e entretemento.\",\"breadcrumb\":{\"@id\":\"https:\/\/afundacion.tv\/gl\/sobre-afundaciontv\/#breadcrumb\"},\"inLanguage\":\"gl-ES\",\"potentialAction\":[{\"@type\":\"ReadAction\",\"target\":[\"https:\/\/afundacion.tv\/gl\/sobre-afundaciontv\/\"]}]},{\"@type\":\"BreadcrumbList\",\"@id\":\"https:\/\/afundacion.tv\/gl\/sobre-afundaciontv\/#breadcrumb\",\"itemListElement\":[{\"@type\":\"ListItem\",\"position\":1,\"name\":\"Portada\",\"item\":\"https:\/\/afundacion.tv\/\"},{\"@type\":\"ListItem\",\"position\":2,\"name\":\"Sobre Afundaci\u00f3nTV\"}]},{\"@type\":\"WebSite\",\"@id\":\"https:\/\/afundacion.tv\/#website\",\"url\":\"https:\/\/afundacion.tv\/\",\"name\":\"Afundaci\u00f3n TV\",\"description\":\"\",\"publisher\":{\"@id\":\"https:\/\/afundacion.tv\/#organization\"},\"potentialAction\":[{\"@type\":\"SearchAction\",\"target\":{\"@type\":\"EntryPoint\",\"urlTemplate\":\"https:\/\/afundacion.tv\/?s={search_term_string}\"},\"query-input\":{\"@type\":\"PropertyValueSpecification\",\"valueRequired\":true,\"valueName\":\"search_term_string\"}}],\"inLanguage\":\"gl-ES\"},{\"@type\":\"Organization\",\"@id\":\"https:\/\/afundacion.tv\/#organization\",\"name\":\"Afundacion TV\",\"url\":\"https:\/\/afundacion.tv\/\",\"logo\":{\"@type\":\"ImageObject\",\"inLanguage\":\"gl-ES\",\"@id\":\"https:\/\/afundacion.tv\/#\/schema\/logo\/image\/\",\"url\":\"https:\/\/afundacion.tv\/wp-content\/uploads\/2021\/09\/atv-icon-152-01.png\",\"contentUrl\":\"https:\/\/afundacion.tv\/wp-content\/uploads\/2021\/09\/atv-icon-152-01.png\",\"width\":153,\"height\":153,\"caption\":\"Afundacion TV\"},\"image\":{\"@id\":\"https:\/\/afundacion.tv\/#\/schema\/logo\/image\/\"}}]}<\/script>\n<!-- \/ Yoast SEO plugin. -->","yoast_head_json":{"title":"Sobre n\u00f3s| Afundaci\u00f3n TV - Plataforma dixital de contido en li\u00f1a","description":"Plataforma dixital da obra social ABANCA con contido de acceso gratu\u00edto sobre educaci\u00f3n, formaci\u00f3n e entretemento.","robots":{"index":"index","follow":"follow","max-snippet":"max-snippet:-1","max-image-preview":"max-image-preview:large","max-video-preview":"max-video-preview:-1"},"canonical":"https:\/\/afundacion.tv\/gl\/sobre-afundaciontv\/","og_locale":"gl_ES","og_type":"article","og_title":"Sobre n\u00f3s| Afundaci\u00f3n TV - Plataforma dixital de contido en li\u00f1a","og_description":"Plataforma dixital da obra social ABANCA con contido de acceso gratu\u00edto sobre educaci\u00f3n, formaci\u00f3n e entretemento.","og_url":"https:\/\/afundacion.tv\/gl\/sobre-afundaciontv\/","og_site_name":"Afundaci\u00f3n TV","article_modified_time":"2021-10-27T12:26:24+00:00","twitter_card":"summary_large_image","twitter_misc":{"Tempo de lectura":"2 minutos"},"schema":{"@context":"https:\/\/schema.org","@graph":[{"@type":"WebPage","@id":"https:\/\/afundacion.tv\/gl\/sobre-afundaciontv\/","url":"https:\/\/afundacion.tv\/gl\/sobre-afundaciontv\/","name":"Sobre n\u00f3s| Afundaci\u00f3n TV - Plataforma dixital de contido en li\u00f1a","isPartOf":{"@id":"https:\/\/afundacion.tv\/#website"},"datePublished":"2021-05-06T09:13:31+00:00","dateModified":"2021-10-27T12:26:24+00:00","description":"Plataforma dixital da obra social ABANCA con contido de acceso gratu\u00edto sobre educaci\u00f3n, formaci\u00f3n e entretemento.","breadcrumb":{"@id":"https:\/\/afundacion.tv\/gl\/sobre-afundaciontv\/#breadcrumb"},"inLanguage":"gl-ES","potentialAction":[{"@type":"ReadAction","target":["https:\/\/afundacion.tv\/gl\/sobre-afundaciontv\/"]}]},{"@type":"BreadcrumbList","@id":"https:\/\/afundacion.tv\/gl\/sobre-afundaciontv\/#breadcrumb","itemListElement":[{"@type":"ListItem","position":1,"name":"Portada","item":"https:\/\/afundacion.tv\/"},{"@type":"ListItem","position":2,"name":"Sobre Afundaci\u00f3nTV"}]},{"@type":"WebSite","@id":"https:\/\/afundacion.tv\/#website","url":"https:\/\/afundacion.tv\/","name":"Afundaci\u00f3n TV","description":"","publisher":{"@id":"https:\/\/afundacion.tv\/#organization"},"potentialAction":[{"@type":"SearchAction","target":{"@type":"EntryPoint","urlTemplate":"https:\/\/afundacion.tv\/?s={search_term_string}"},"query-input":{"@type":"PropertyValueSpecification","valueRequired":true,"valueName":"search_term_string"}}],"inLanguage":"gl-ES"},{"@type":"Organization","@id":"https:\/\/afundacion.tv\/#organization","name":"Afundacion TV","url":"https:\/\/afundacion.tv\/","logo":{"@type":"ImageObject","inLanguage":"gl-ES","@id":"https:\/\/afundacion.tv\/#\/schema\/logo\/image\/","url":"https:\/\/afundacion.tv\/wp-content\/uploads\/2021\/09\/atv-icon-152-01.png","contentUrl":"https:\/\/afundacion.tv\/wp-content\/uploads\/2021\/09\/atv-icon-152-01.png","width":153,"height":153,"caption":"Afundacion TV"},"image":{"@id":"https:\/\/afundacion.tv\/#\/schema\/logo\/image\/"}}]}},"_links":{"self":[{"href":"https:\/\/afundacion.tv\/gl\/wp-json\/wp\/v2\/pages\/1453","targetHints":{"allow":["GET"]}}],"collection":[{"href":"https:\/\/afundacion.tv\/gl\/wp-json\/wp\/v2\/pages"}],"about":[{"href":"https:\/\/afundacion.tv\/gl\/wp-json\/wp\/v2\/types\/page"}],"author":[{"embeddable":true,"href":"https:\/\/afundacion.tv\/gl\/wp-json\/wp\/v2\/users\/1"}],"replies":[{"embeddable":true,"href":"https:\/\/afundacion.tv\/gl\/wp-json\/wp\/v2\/comments?post=1453"}],"version-history":[{"count":9,"href":"https:\/\/afundacion.tv\/gl\/wp-json\/wp\/v2\/pages\/1453\/revisions"}],"predecessor-version":[{"id":4100,"href":"https:\/\/afundacion.tv\/gl\/wp-json\/wp\/v2\/pages\/1453\/revisions\/4100"}],"wp:attachment":[{"href":"https:\/\/afundacion.tv\/gl\/wp-json\/wp\/v2\/media?parent=1453"}],"curies":[{"name":"wp","href":"https:\/\/api.w.org\/{rel}","templated":true}]}}