{"id":1452,"date":"2021-05-06T09:14:06","date_gmt":"2021-05-06T09:14:06","guid":{"rendered":"https:\/\/site.iconmarketing.es\/afundacion\/faqs\/"},"modified":"2021-10-27T14:25:10","modified_gmt":"2021-10-27T12:25:10","slug":"faqs","status":"publish","type":"page","link":"https:\/\/afundacion.tv\/gl\/faqs\/","title":{"rendered":"FAQs"},"content":{"rendered":"<div class=\"wpb-content-wrapper\">[vc_row full_width=&#8221;stretch_row&#8221; css=&#8221;.vc_custom_1622022477699{background-color: #f1af27 !important;}&#8221; el_class=&#8221;af-fila-padding-top-120 af-fila-padding-bottom-90 af-cabecera-naranja&#8221;][vc_column][\/vc_column][\/vc_row][vc_row el_class=&#8221;af-padding-top-90 af-padding-bottom-90 af-fila-titulo-faqs&#8221;][vc_column width=&#8221;1\/4&#8243;][\/vc_column][vc_column width=&#8221;1\/2&#8243;]<div class=\"vcex-heading vcex-heading-plain vcex-module wpex-heading wpex-text-2xl af-align-center af-encabezado-grande af-margin-bottom-30\"><span class=\"vcex-heading-inner wpex-inline-block\">FAQs<\/span><\/div>[vc_column_text el_class=&#8221;af-align-center&#8221;]Consulta aqu\u00ed as preguntas m\u00e1is frecuentes sobre Afundaci\u00f3n TV.[\/vc_column_text][\/vc_column][vc_column width=&#8221;1\/4&#8243;][\/vc_column][\/vc_row][vc_row el_class=&#8221;af-margin-top-90 af-margin-bottom-90 fa-faqs-container&#8221;][vc_column]<div class=\"vcex-heading vcex-heading-plain vcex-module wpex-heading wpex-text-2xl af-encabezado-mediano af-margin-bottom-30\"><span class=\"vcex-heading-inner wpex-inline-block\">PREGUNTAS FRECUENTES<\/span><\/div>[vc_tta_accordion style=&#8221;flat&#8221; shape=&#8221;square&#8221; color=&#8221;white&#8221; c_position=&#8221;right&#8221; active_section=&#8221;1&#8243; no_fill=&#8221;true&#8221; el_class=&#8221;af-acordeon-faqs&#8221;][vc_tta_section title=&#8221;Que \u00e9 Afundaci\u00f3n TV?&#8221; tab_id=&#8221;1620889609947-44fa0f9b-c99b&#8221;][vc_column_text]Afundaci\u00f3n TV \u00e9 un servizo de televisi\u00f3n na rede que ofrece unha ampla variedade de contidos culturais, educativos, cient\u00edficos, ambientais, h\u00e1bitos saudables e de tecnolox\u00eda, pensados para transmitir co\u00f1ecementos a trav\u00e9s de charlas, coloquios, entrevistas e documentais.[\/vc_column_text][\/vc_tta_section][vc_tta_section title=&#8221;Canto costa Afundaci\u00f3n TV?&#8221; tab_id=&#8221;1620889609957-a097a5e7-a33c&#8221;][vc_column_text]Afundaci\u00f3n TV \u00e9 unha canle na rede totalmente gratu\u00edto. Goza dos seus contidos no teu  smartphone, tableta, computador ou dispositivo de  streaming, sen custos, s\u00f3 tes que crear a t\u00faa conta introducindo o teu correo electr\u00f3nico e o teu contrasinal.<\/p>\n[\/vc_column_text][\/vc_tta_section][vc_tta_section title=&#8221;Como me rexistro en  Afundaci\u00f3nTV?&#8221; tab_id=&#8221;1620889712150-258b998a-da1c&#8221;][vc_column_text]\n<ol>\n<li><span style=\"font-weight: 400;\">Rex\u00edstrate <a href=\"https:\/\/afundacion.tv\/gl\/crear-conta\/\">aqu\u00ed.<\/a><\/span><\/li>\n<li><span style=\"font-weight: 400;\">Confirma a t\u00faa direcci\u00f3n de correo electr\u00f3nico a trav\u00e9s do email que che enviamos (revisa a t\u00faa caixa de correos de spam).<\/span><\/li>\n<\/ol>\n[\/vc_column_text][\/vc_tta_section][vc_tta_section title=&#8221;Podo darme de baixa en calquera momento?&#8221; tab_id=&#8221;1623315211233-486d221b-530a&#8221;][vc_column_text]<span style=\"font-weight: 400;\">Por suposto! Podes xestionar a baixa na t\u00faa pestana de rexistro de usuari@.<\/span>[\/vc_column_text][\/vc_tta_section][vc_tta_section title=&#8221;Cada canto se engaden novos contidos a  Afundaci\u00f3nTV?&#8221; tab_id=&#8221;1623315287723-2cfbf89f-031e&#8221;][vc_column_text]<span style=\"font-weight: 400;\">Isto depende da propia actividade de Afundaci\u00f3n pero tentamos incorporar contidos novos cada mes.<\/span>[\/vc_column_text][\/vc_tta_section][vc_tta_section title=&#8221;Avisar\u00e9desme como usuari@ rexistrad@ de cada novo contido?&#8221; tab_id=&#8221;1623315326976-70f7e9d7-3254&#8243;][vc_column_text]Claro! @s\u00a0 usuari@s rexistrad@s recibiredes notificaci\u00f3ns das novas incorporaci\u00f3ns cada vez que se incorpore un novo contido ao cat\u00e1logo, por e-mail e en funci\u00f3n dos vosos intereses e preferencias.[\/vc_column_text][\/vc_tta_section][vc_tta_section title=&#8221;Creo que te\u00f1o un contido que poder\u00eda ser interesante para Afundaci\u00f3n TV, poderiades incorporalo \u00e1 plataforma?&#8221; tab_id=&#8221;1623315365728-56e4a503-0b4c&#8221;][vc_column_text]<span style=\"font-weight: 400;\">Se crees que tes un contido que poida interesarnos m\u00e1ndanos un correo <a href=\"https:\/\/afundacion.tv\/gl\/centro-de-ayuda\/\">aqu\u00ed.<\/a><\/span>[\/vc_column_text][\/vc_tta_section][vc_tta_section title=&#8221;Se hoxe emitides un contido en directo, cando estar\u00e1 dispo\u00f1ible en \u201c\u00c1 carta\u201d?&#8221; tab_id=&#8221;1623315408842-8397bd95-debe&#8221;][vc_column_text]<span style=\"font-weight: 400;\">Temos un prazo de  posproducci\u00f3n e subida de entre 24 e 72 h.<\/span>[\/vc_column_text][\/vc_tta_section][vc_tta_section title=&#8221;Te\u00f1o gravada un contido audiovisual que pode ser de interese para  Afundaci\u00f3nTV. Podo engadilo?&#8221; tab_id=&#8221;1623315462778-a7a0bc53-e39a&#8221;][vc_column_text]<span style=\"font-weight: 400;\">Ese contido ter\u00e1 que pasar por un control onde vexamos que se cumpren os m\u00ednimos de interese, calidade de audio e v\u00eddeo.<\/span>[\/vc_column_text][\/vc_tta_section][vc_tta_section title=&#8221;Querer\u00eda emitir en directo o meu espect\u00e1culo de pago desde  Afundaci\u00f3nTV. Ser\u00eda posible?&#8221; tab_id=&#8221;1623315504075-e22326db-51f9&#8243;][vc_column_text]<span style=\"font-weight: 400;\">Ese contido ter\u00e1 que pasar por un control onde vexamos que se cumpren os m\u00ednimos de interese, calidade de audio e v\u00eddeo.<\/span>[\/vc_column_text][\/vc_tta_section][\/vc_tta_accordion][\/vc_column][\/vc_row]\n<\/div>","protected":false},"excerpt":{"rendered":"<p>[vc_row full_width=&#8221;stretch_row&#8221; css=&#8221;.vc_custom_1622022477699{background-color: #f1af27 !important;}&#8221; el_class=&#8221;af-fila-padding-top-120 af-fila-padding-bottom-90 af-cabecera-naranja&#8221;][vc_column][\/vc_column][\/vc_row][vc_row el_class=&#8221;af-padding-top-90 af-padding-bottom-90 af-fila-titulo-faqs&#8221;][vc_column width=&#8221;1\/4&#8243;][\/vc_column][vc_column width=&#8221;1\/2&#8243;][vc_column_text el_class=&#8221;af-align-center&#8221;]Consulta aqu\u00ed as preguntas m\u00e1is frecuentes sobre Afundaci\u00f3n TV.[\/vc_column_text][\/vc_column][vc_column width=&#8221;1\/4&#8243;][\/vc_column][\/vc_row][vc_row el_class=&#8221;af-margin-top-90 af-margin-bottom-90 fa-faqs-container&#8221;][vc_column][vc_tta_accordion style=&#8221;flat&#8221; shape=&#8221;square&#8221; color=&#8221;white&#8221; c_position=&#8221;right&#8221; active_section=&#8221;1&#8243; no_fill=&#8221;true&#8221; el_class=&#8221;af-acordeon-faqs&#8221;][vc_tta_section title=&#8221;Que \u00e9 Afundaci\u00f3n TV?&#8221; tab_id=&#8221;1620889609947-44fa0f9b-c99b&#8221;][vc_column_text]Afundaci\u00f3n TV \u00e9 un servizo de televisi\u00f3n na rede que ofrece unha ampla variedade de contidos culturais, educativos,&hellip;<\/p>\n","protected":false},"author":1,"featured_media":0,"parent":0,"menu_order":0,"comment_status":"closed","ping_status":"closed","template":"","meta":{"_acf_changed":false,"inline_featured_image":false,"footnotes":""},"class_list":["post-1452","page","type-page","status-publish","hentry","entry","no-media"],"acf":[],"yoast_head":"<!-- This site is optimized with the Yoast SEO plugin v26.0 - https:\/\/yoast.com\/wordpress\/plugins\/seo\/ -->\n<title>Preguntas frecuentes | Afundaci\u00f3n TV - Plataforma dixital de contido en li\u00f1a<\/title>\n<meta name=\"description\" content=\"Tes algunha d\u00fabida sobre a nosa plataforma dixital de contidos en li\u00f1a Afundaci\u00f3n TV? Consulta aqu\u00ed as preguntas m\u00e1is frecuentes.\" \/>\n<meta name=\"robots\" content=\"index, follow, max-snippet:-1, max-image-preview:large, max-video-preview:-1\" \/>\n<link rel=\"canonical\" href=\"https:\/\/afundacion.tv\/gl\/faqs\/\" \/>\n<meta property=\"og:locale\" content=\"gl_ES\" \/>\n<meta property=\"og:type\" content=\"article\" \/>\n<meta property=\"og:title\" content=\"Preguntas frecuentes | Afundaci\u00f3n TV - Plataforma dixital de contido en li\u00f1a\" \/>\n<meta property=\"og:description\" content=\"Tes algunha d\u00fabida sobre a nosa plataforma dixital de contidos en li\u00f1a Afundaci\u00f3n TV? Consulta aqu\u00ed as preguntas m\u00e1is frecuentes.\" \/>\n<meta property=\"og:url\" content=\"https:\/\/afundacion.tv\/gl\/faqs\/\" \/>\n<meta property=\"og:site_name\" content=\"Afundaci\u00f3n TV\" \/>\n<meta property=\"article:modified_time\" content=\"2021-10-27T12:25:10+00:00\" \/>\n<meta name=\"twitter:card\" content=\"summary_large_image\" \/>\n<meta name=\"twitter:label1\" content=\"Tempo de lectura\" \/>\n\t<meta name=\"twitter:data1\" content=\"3 minutos\" \/>\n<script type=\"application\/ld+json\" class=\"yoast-schema-graph\">{\"@context\":\"https:\/\/schema.org\",\"@graph\":[{\"@type\":\"WebPage\",\"@id\":\"https:\/\/afundacion.tv\/gl\/faqs\/\",\"url\":\"https:\/\/afundacion.tv\/gl\/faqs\/\",\"name\":\"Preguntas frecuentes | Afundaci\u00f3n TV - Plataforma dixital de contido en li\u00f1a\",\"isPartOf\":{\"@id\":\"https:\/\/afundacion.tv\/#website\"},\"datePublished\":\"2021-05-06T09:14:06+00:00\",\"dateModified\":\"2021-10-27T12:25:10+00:00\",\"description\":\"Tes algunha d\u00fabida sobre a nosa plataforma dixital de contidos en li\u00f1a Afundaci\u00f3n TV? Consulta aqu\u00ed as preguntas m\u00e1is frecuentes.\",\"breadcrumb\":{\"@id\":\"https:\/\/afundacion.tv\/gl\/faqs\/#breadcrumb\"},\"inLanguage\":\"gl-ES\",\"potentialAction\":[{\"@type\":\"ReadAction\",\"target\":[\"https:\/\/afundacion.tv\/gl\/faqs\/\"]}]},{\"@type\":\"BreadcrumbList\",\"@id\":\"https:\/\/afundacion.tv\/gl\/faqs\/#breadcrumb\",\"itemListElement\":[{\"@type\":\"ListItem\",\"position\":1,\"name\":\"Portada\",\"item\":\"https:\/\/afundacion.tv\/\"},{\"@type\":\"ListItem\",\"position\":2,\"name\":\"FAQs\"}]},{\"@type\":\"WebSite\",\"@id\":\"https:\/\/afundacion.tv\/#website\",\"url\":\"https:\/\/afundacion.tv\/\",\"name\":\"Afundaci\u00f3n TV\",\"description\":\"\",\"publisher\":{\"@id\":\"https:\/\/afundacion.tv\/#organization\"},\"potentialAction\":[{\"@type\":\"SearchAction\",\"target\":{\"@type\":\"EntryPoint\",\"urlTemplate\":\"https:\/\/afundacion.tv\/?s={search_term_string}\"},\"query-input\":{\"@type\":\"PropertyValueSpecification\",\"valueRequired\":true,\"valueName\":\"search_term_string\"}}],\"inLanguage\":\"gl-ES\"},{\"@type\":\"Organization\",\"@id\":\"https:\/\/afundacion.tv\/#organization\",\"name\":\"Afundacion TV\",\"url\":\"https:\/\/afundacion.tv\/\",\"logo\":{\"@type\":\"ImageObject\",\"inLanguage\":\"gl-ES\",\"@id\":\"https:\/\/afundacion.tv\/#\/schema\/logo\/image\/\",\"url\":\"https:\/\/afundacion.tv\/wp-content\/uploads\/2021\/09\/atv-icon-152-01.png\",\"contentUrl\":\"https:\/\/afundacion.tv\/wp-content\/uploads\/2021\/09\/atv-icon-152-01.png\",\"width\":153,\"height\":153,\"caption\":\"Afundacion TV\"},\"image\":{\"@id\":\"https:\/\/afundacion.tv\/#\/schema\/logo\/image\/\"}}]}<\/script>\n<!-- \/ Yoast SEO plugin. -->","yoast_head_json":{"title":"Preguntas frecuentes | Afundaci\u00f3n TV - Plataforma dixital de contido en li\u00f1a","description":"Tes algunha d\u00fabida sobre a nosa plataforma dixital de contidos en li\u00f1a Afundaci\u00f3n TV? Consulta aqu\u00ed as preguntas m\u00e1is frecuentes.","robots":{"index":"index","follow":"follow","max-snippet":"max-snippet:-1","max-image-preview":"max-image-preview:large","max-video-preview":"max-video-preview:-1"},"canonical":"https:\/\/afundacion.tv\/gl\/faqs\/","og_locale":"gl_ES","og_type":"article","og_title":"Preguntas frecuentes | Afundaci\u00f3n TV - Plataforma dixital de contido en li\u00f1a","og_description":"Tes algunha d\u00fabida sobre a nosa plataforma dixital de contidos en li\u00f1a Afundaci\u00f3n TV? Consulta aqu\u00ed as preguntas m\u00e1is frecuentes.","og_url":"https:\/\/afundacion.tv\/gl\/faqs\/","og_site_name":"Afundaci\u00f3n TV","article_modified_time":"2021-10-27T12:25:10+00:00","twitter_card":"summary_large_image","twitter_misc":{"Tempo de lectura":"3 minutos"},"schema":{"@context":"https:\/\/schema.org","@graph":[{"@type":"WebPage","@id":"https:\/\/afundacion.tv\/gl\/faqs\/","url":"https:\/\/afundacion.tv\/gl\/faqs\/","name":"Preguntas frecuentes | Afundaci\u00f3n TV - Plataforma dixital de contido en li\u00f1a","isPartOf":{"@id":"https:\/\/afundacion.tv\/#website"},"datePublished":"2021-05-06T09:14:06+00:00","dateModified":"2021-10-27T12:25:10+00:00","description":"Tes algunha d\u00fabida sobre a nosa plataforma dixital de contidos en li\u00f1a Afundaci\u00f3n TV? Consulta aqu\u00ed as preguntas m\u00e1is frecuentes.","breadcrumb":{"@id":"https:\/\/afundacion.tv\/gl\/faqs\/#breadcrumb"},"inLanguage":"gl-ES","potentialAction":[{"@type":"ReadAction","target":["https:\/\/afundacion.tv\/gl\/faqs\/"]}]},{"@type":"BreadcrumbList","@id":"https:\/\/afundacion.tv\/gl\/faqs\/#breadcrumb","itemListElement":[{"@type":"ListItem","position":1,"name":"Portada","item":"https:\/\/afundacion.tv\/"},{"@type":"ListItem","position":2,"name":"FAQs"}]},{"@type":"WebSite","@id":"https:\/\/afundacion.tv\/#website","url":"https:\/\/afundacion.tv\/","name":"Afundaci\u00f3n TV","description":"","publisher":{"@id":"https:\/\/afundacion.tv\/#organization"},"potentialAction":[{"@type":"SearchAction","target":{"@type":"EntryPoint","urlTemplate":"https:\/\/afundacion.tv\/?s={search_term_string}"},"query-input":{"@type":"PropertyValueSpecification","valueRequired":true,"valueName":"search_term_string"}}],"inLanguage":"gl-ES"},{"@type":"Organization","@id":"https:\/\/afundacion.tv\/#organization","name":"Afundacion TV","url":"https:\/\/afundacion.tv\/","logo":{"@type":"ImageObject","inLanguage":"gl-ES","@id":"https:\/\/afundacion.tv\/#\/schema\/logo\/image\/","url":"https:\/\/afundacion.tv\/wp-content\/uploads\/2021\/09\/atv-icon-152-01.png","contentUrl":"https:\/\/afundacion.tv\/wp-content\/uploads\/2021\/09\/atv-icon-152-01.png","width":153,"height":153,"caption":"Afundacion TV"},"image":{"@id":"https:\/\/afundacion.tv\/#\/schema\/logo\/image\/"}}]}},"_links":{"self":[{"href":"https:\/\/afundacion.tv\/gl\/wp-json\/wp\/v2\/pages\/1452","targetHints":{"allow":["GET"]}}],"collection":[{"href":"https:\/\/afundacion.tv\/gl\/wp-json\/wp\/v2\/pages"}],"about":[{"href":"https:\/\/afundacion.tv\/gl\/wp-json\/wp\/v2\/types\/page"}],"author":[{"embeddable":true,"href":"https:\/\/afundacion.tv\/gl\/wp-json\/wp\/v2\/users\/1"}],"replies":[{"embeddable":true,"href":"https:\/\/afundacion.tv\/gl\/wp-json\/wp\/v2\/comments?post=1452"}],"version-history":[{"count":6,"href":"https:\/\/afundacion.tv\/gl\/wp-json\/wp\/v2\/pages\/1452\/revisions"}],"predecessor-version":[{"id":4099,"href":"https:\/\/afundacion.tv\/gl\/wp-json\/wp\/v2\/pages\/1452\/revisions\/4099"}],"wp:attachment":[{"href":"https:\/\/afundacion.tv\/gl\/wp-json\/wp\/v2\/media?parent=1452"}],"curies":[{"name":"wp","href":"https:\/\/api.w.org\/{rel}","templated":true}]}}