{"id":1446,"date":"2021-05-06T09:14:38","date_gmt":"2021-05-06T09:14:38","guid":{"rendered":"https:\/\/site.iconmarketing.es\/afundacion\/centro-de-ayuda\/"},"modified":"2021-10-27T14:21:26","modified_gmt":"2021-10-27T12:21:26","slug":"centro-de-ayuda","status":"publish","type":"page","link":"https:\/\/afundacion.tv\/gl\/centro-de-ayuda\/","title":{"rendered":"Cont\u00e1ctanos"},"content":{"rendered":"<div class=\"wpb-content-wrapper\">[vc_row el_class=&#8221;af-margin-top-90 af-margin-bottom-90&#8243;][vc_column width=&#8221;1\/4&#8243;][\/vc_column][vc_column width=&#8221;1\/2&#8243;]<div class=\"vcex-heading vcex-heading-plain vcex-module wpex-heading wpex-text-2xl af-align-center af-encabezado-grande af-margin-bottom-30\"><span class=\"vcex-heading-inner wpex-inline-block\">Contacto<\/span><\/div>[vc_column_text el_class=&#8221;af-align-center&#8221;]Se tes calquera d\u00fabida, comentario ou suxesti\u00f3n,\u00a0 podes contactar connosco a trav\u00e9s deste formulario.\u00a0 Moitas grazas!<\/p>\n[\/vc_column_text][\/vc_column][vc_column width=&#8221;1\/4&#8243;][\/vc_column][\/vc_row][vc_row][vc_column width=&#8221;1\/4&#8243;][\/vc_column][vc_column width=&#8221;1\/2&#8243;]<div class=\"vcex-heading vcex-heading-plain vcex-module wpex-heading wpex-text-2xl af-align-center af-encabezado-mediano af-margin-bottom-30\"><span class=\"vcex-heading-inner wpex-inline-block\">Contacto directo<\/span><\/div>[vc_column_text el_class=&#8221;af-align-center af-texto-menor&#8221;]<img decoding=\"async\" data-src=\"https:\/\/afundacion.tv\/wp-content\/uploads\/2021\/05\/telefono-icono.svg\" src=\"data:image\/svg+xml;base64,PHN2ZyB3aWR0aD0iMSIgaGVpZ2h0PSIxIiB4bWxucz0iaHR0cDovL3d3dy53My5vcmcvMjAwMC9zdmciPjwvc3ZnPg==\" class=\"lazyload\" \/> 981 185 060 \u00b7 986 120 078[\/vc_column_text][vc_column_text el_class=&#8221;af-align-center af-texto-menor&#8221;]<img decoding=\"async\" data-src=\"https:\/\/afundacion.tv\/wp-content\/uploads\/2021\/05\/email-icono-negro.svg\" src=\"data:image\/svg+xml;base64,PHN2ZyB3aWR0aD0iMSIgaGVpZ2h0PSIxIiB4bWxucz0iaHR0cDovL3d3dy53My5vcmcvMjAwMC9zdmciPjwvc3ZnPg==\" class=\"lazyload\" \/> atencionalcliente@afundacion.org[\/vc_column_text][\/vc_column][vc_column width=&#8221;1\/4&#8243;][\/vc_column][\/vc_row][vc_row][vc_column]\n<div class=\"wpcf7 no-js\" id=\"wpcf7-f3575-o1\" lang=\"es-ES\" dir=\"ltr\" data-wpcf7-id=\"3575\">\n<div class=\"screen-reader-response\"><p role=\"status\" aria-live=\"polite\" aria-atomic=\"true\"><\/p> <ul><\/ul><\/div>\n<form action=\"\/gl\/wp-json\/wp\/v2\/pages\/1446#wpcf7-f3575-o1\" method=\"post\" class=\"wpcf7-form init\" aria-label=\"Formulario de contacto\" novalidate=\"novalidate\" data-status=\"init\">\n<fieldset class=\"hidden-fields-container\"><input type=\"hidden\" name=\"_wpcf7\" value=\"3575\" \/><input type=\"hidden\" name=\"_wpcf7_version\" value=\"6.1.1\" \/><input type=\"hidden\" name=\"_wpcf7_locale\" value=\"es_ES\" \/><input type=\"hidden\" name=\"_wpcf7_unit_tag\" value=\"wpcf7-f3575-o1\" \/><input type=\"hidden\" name=\"_wpcf7_container_post\" value=\"0\" \/><input type=\"hidden\" name=\"_wpcf7_posted_data_hash\" value=\"\" \/><input type=\"hidden\" name=\"_wpcf7_recaptcha_response\" value=\"\" \/>\n<\/fieldset>\n<div class=\"af-centro-ayuda-container\">\n\t<div class=\"af-form-col-1\">\n\t\t<div>\n\t\t\t<p><span class=\"wpcf7-form-control-wrap\" data-name=\"nombre\"><input size=\"40\" maxlength=\"400\" class=\"wpcf7-form-control wpcf7-text wpcf7-validates-as-required\" aria-required=\"true\" aria-invalid=\"false\" placeholder=\"Nome\" value=\"\" type=\"text\" name=\"nombre\" \/><\/span>\n\t\t\t<\/p>\n\t\t<\/div>\n\t\t<div>\n\t\t\t<p><span class=\"wpcf7-form-control-wrap\" data-name=\"mail\"><input size=\"40\" maxlength=\"400\" class=\"wpcf7-form-control wpcf7-email wpcf7-validates-as-required wpcf7-text wpcf7-validates-as-email\" aria-required=\"true\" aria-invalid=\"false\" placeholder=\"Email\" value=\"\" type=\"email\" name=\"mail\" \/><\/span>\n\t\t\t<\/p>\n\t\t<\/div>\n\t\t<div>\n\t\t\t<p><span class=\"wpcf7-form-control-wrap\" data-name=\"telefono\"><input size=\"40\" maxlength=\"400\" class=\"wpcf7-form-control wpcf7-text wpcf7-validates-as-required\" aria-required=\"true\" aria-invalid=\"false\" placeholder=\"Tel\u00e9fono\" value=\"\" type=\"text\" name=\"telefono\" \/><\/span>\n\t\t\t<\/p>\n\t\t<\/div>\n\t<\/div>\n\t<div class=\"af-form-col-2\">\n\t\t<div>\n\t\t\t<p><span class=\"wpcf7-form-control-wrap\" data-name=\"consulta\"><textarea cols=\"40\" rows=\"10\" maxlength=\"2000\" class=\"wpcf7-form-control wpcf7-textarea wpcf7-validates-as-required\" aria-required=\"true\" aria-invalid=\"false\" placeholder=\"Consulta\" name=\"consulta\"><\/textarea><\/span>\n\t\t\t<\/p>\n\t\t<\/div>\n\t\t<div class=\"af-enviar-form-container\">\n\t\t\t<p><span class=\"af-acepto-politica\"><span class=\"wpcf7-form-control-wrap\" data-name=\"aceptacion\"><span class=\"wpcf7-form-control wpcf7-acceptance\"><span class=\"wpcf7-list-item\"><label><input type=\"checkbox\" name=\"aceptacion\" value=\"1\" aria-invalid=\"false\" \/><span class=\"wpcf7-list-item-label\">Lin e acepto a <a href=\"https:\/\/afundacion.tv\/politica-de-privacidad\" target=\"_blank\">normativa de protecci\u00f3n de datos<\/a><\/span><\/label><\/span><\/span><\/span><\/span><span><input class=\"wpcf7-form-control wpcf7-submit has-spinner\" type=\"submit\" value=\"Enviar\" \/><\/span>\n\t\t\t<\/p>\n\t\t<\/div>\n\t<\/div>\n<\/div><div class=\"wpcf7-response-output\" aria-hidden=\"true\"><\/div>\n<\/form>\n<\/div>\n[\/vc_column][\/vc_row]\n<\/div>","protected":false},"excerpt":{"rendered":"<p>[vc_row el_class=&#8221;af-margin-top-90 af-margin-bottom-90&#8243;][vc_column width=&#8221;1\/4&#8243;][\/vc_column][vc_column width=&#8221;1\/2&#8243;][vc_column_text el_class=&#8221;af-align-center&#8221;]Se tes calquera d\u00fabida, comentario ou suxesti\u00f3n,\u00a0 podes contactar connosco a trav\u00e9s deste formulario.\u00a0 Moitas grazas! [\/vc_column_text][\/vc_column][vc_column width=&#8221;1\/4&#8243;][\/vc_column][\/vc_row][vc_row][vc_column width=&#8221;1\/4&#8243;][\/vc_column][vc_column width=&#8221;1\/2&#8243;][vc_column_text el_class=&#8221;af-align-center af-texto-menor&#8221;] 981 185 060 \u00b7 986 120 078[\/vc_column_text][vc_column_text el_class=&#8221;af-align-center af-texto-menor&#8221;] atencionalcliente@afundacion.org[\/vc_column_text][\/vc_column][vc_column width=&#8221;1\/4&#8243;][\/vc_column][\/vc_row][vc_row][vc_column][\/vc_column][\/vc_row]<\/p>\n","protected":false},"author":1,"featured_media":0,"parent":0,"menu_order":0,"comment_status":"closed","ping_status":"closed","template":"","meta":{"_acf_changed":false,"inline_featured_image":false,"footnotes":""},"class_list":["post-1446","page","type-page","status-publish","hentry","entry","no-media"],"acf":[],"yoast_head":"<!-- This site is optimized with the Yoast SEO plugin v26.0 - https:\/\/yoast.com\/wordpress\/plugins\/seo\/ -->\n<title>Contacto | Afundaci\u00f3n TV - Plataforma dixital de contido en li\u00f1a<\/title>\n<meta name=\"description\" content=\"Se tes calquera d\u00fabida, comentario ou suxerencia, podes po\u00f1erche en contacto connosco, responder\u00e9mosche canto antes.\" \/>\n<meta name=\"robots\" content=\"index, follow, max-snippet:-1, max-image-preview:large, max-video-preview:-1\" \/>\n<link rel=\"canonical\" href=\"https:\/\/afundacion.tv\/gl\/centro-de-ayuda\/\" \/>\n<meta property=\"og:locale\" content=\"gl_ES\" \/>\n<meta property=\"og:type\" content=\"article\" \/>\n<meta property=\"og:title\" content=\"Contacto | Afundaci\u00f3n TV - Plataforma dixital de contido en li\u00f1a\" \/>\n<meta property=\"og:description\" content=\"Se tes calquera d\u00fabida, comentario ou suxerencia, podes po\u00f1erche en contacto connosco, responder\u00e9mosche canto antes.\" \/>\n<meta property=\"og:url\" content=\"https:\/\/afundacion.tv\/gl\/centro-de-ayuda\/\" \/>\n<meta property=\"og:site_name\" content=\"Afundaci\u00f3n TV\" \/>\n<meta property=\"article:modified_time\" content=\"2021-10-27T12:21:26+00:00\" \/>\n<meta property=\"og:image\" content=\"https:\/\/afundacion.tv\/wp-content\/uploads\/2021\/05\/telefono-icono.svg\" \/>\n<meta name=\"twitter:card\" content=\"summary_large_image\" \/>\n<meta name=\"twitter:label1\" content=\"Tempo de lectura\" \/>\n\t<meta name=\"twitter:data1\" content=\"1 minuto\" \/>\n<script type=\"application\/ld+json\" class=\"yoast-schema-graph\">{\"@context\":\"https:\/\/schema.org\",\"@graph\":[{\"@type\":\"WebPage\",\"@id\":\"https:\/\/afundacion.tv\/gl\/centro-de-ayuda\/\",\"url\":\"https:\/\/afundacion.tv\/gl\/centro-de-ayuda\/\",\"name\":\"Contacto | Afundaci\u00f3n TV - Plataforma dixital de contido en li\u00f1a\",\"isPartOf\":{\"@id\":\"https:\/\/afundacion.tv\/#website\"},\"primaryImageOfPage\":{\"@id\":\"https:\/\/afundacion.tv\/gl\/centro-de-ayuda\/#primaryimage\"},\"image\":{\"@id\":\"https:\/\/afundacion.tv\/gl\/centro-de-ayuda\/#primaryimage\"},\"thumbnailUrl\":\"https:\/\/afundacion.tv\/wp-content\/uploads\/2021\/05\/telefono-icono.svg\",\"datePublished\":\"2021-05-06T09:14:38+00:00\",\"dateModified\":\"2021-10-27T12:21:26+00:00\",\"description\":\"Se tes calquera d\u00fabida, comentario ou suxerencia, podes po\u00f1erche en contacto connosco, responder\u00e9mosche canto antes.\",\"breadcrumb\":{\"@id\":\"https:\/\/afundacion.tv\/gl\/centro-de-ayuda\/#breadcrumb\"},\"inLanguage\":\"gl-ES\",\"potentialAction\":[{\"@type\":\"ReadAction\",\"target\":[\"https:\/\/afundacion.tv\/gl\/centro-de-ayuda\/\"]}]},{\"@type\":\"ImageObject\",\"inLanguage\":\"gl-ES\",\"@id\":\"https:\/\/afundacion.tv\/gl\/centro-de-ayuda\/#primaryimage\",\"url\":\"https:\/\/afundacion.tv\/wp-content\/uploads\/2021\/05\/telefono-icono.svg\",\"contentUrl\":\"https:\/\/afundacion.tv\/wp-content\/uploads\/2021\/05\/telefono-icono.svg\"},{\"@type\":\"BreadcrumbList\",\"@id\":\"https:\/\/afundacion.tv\/gl\/centro-de-ayuda\/#breadcrumb\",\"itemListElement\":[{\"@type\":\"ListItem\",\"position\":1,\"name\":\"Portada\",\"item\":\"https:\/\/afundacion.tv\/\"},{\"@type\":\"ListItem\",\"position\":2,\"name\":\"Cont\u00e1ctanos\"}]},{\"@type\":\"WebSite\",\"@id\":\"https:\/\/afundacion.tv\/#website\",\"url\":\"https:\/\/afundacion.tv\/\",\"name\":\"Afundaci\u00f3n TV\",\"description\":\"\",\"publisher\":{\"@id\":\"https:\/\/afundacion.tv\/#organization\"},\"potentialAction\":[{\"@type\":\"SearchAction\",\"target\":{\"@type\":\"EntryPoint\",\"urlTemplate\":\"https:\/\/afundacion.tv\/?s={search_term_string}\"},\"query-input\":{\"@type\":\"PropertyValueSpecification\",\"valueRequired\":true,\"valueName\":\"search_term_string\"}}],\"inLanguage\":\"gl-ES\"},{\"@type\":\"Organization\",\"@id\":\"https:\/\/afundacion.tv\/#organization\",\"name\":\"Afundacion TV\",\"url\":\"https:\/\/afundacion.tv\/\",\"logo\":{\"@type\":\"ImageObject\",\"inLanguage\":\"gl-ES\",\"@id\":\"https:\/\/afundacion.tv\/#\/schema\/logo\/image\/\",\"url\":\"https:\/\/afundacion.tv\/wp-content\/uploads\/2021\/09\/atv-icon-152-01.png\",\"contentUrl\":\"https:\/\/afundacion.tv\/wp-content\/uploads\/2021\/09\/atv-icon-152-01.png\",\"width\":153,\"height\":153,\"caption\":\"Afundacion TV\"},\"image\":{\"@id\":\"https:\/\/afundacion.tv\/#\/schema\/logo\/image\/\"}}]}<\/script>\n<!-- \/ Yoast SEO plugin. -->","yoast_head_json":{"title":"Contacto | Afundaci\u00f3n TV - Plataforma dixital de contido en li\u00f1a","description":"Se tes calquera d\u00fabida, comentario ou suxerencia, podes po\u00f1erche en contacto connosco, responder\u00e9mosche canto antes.","robots":{"index":"index","follow":"follow","max-snippet":"max-snippet:-1","max-image-preview":"max-image-preview:large","max-video-preview":"max-video-preview:-1"},"canonical":"https:\/\/afundacion.tv\/gl\/centro-de-ayuda\/","og_locale":"gl_ES","og_type":"article","og_title":"Contacto | Afundaci\u00f3n TV - Plataforma dixital de contido en li\u00f1a","og_description":"Se tes calquera d\u00fabida, comentario ou suxerencia, podes po\u00f1erche en contacto connosco, responder\u00e9mosche canto antes.","og_url":"https:\/\/afundacion.tv\/gl\/centro-de-ayuda\/","og_site_name":"Afundaci\u00f3n TV","article_modified_time":"2021-10-27T12:21:26+00:00","og_image":[{"url":"https:\/\/afundacion.tv\/wp-content\/uploads\/2021\/05\/telefono-icono.svg","type":"","width":"","height":""}],"twitter_card":"summary_large_image","twitter_misc":{"Tempo de lectura":"1 minuto"},"schema":{"@context":"https:\/\/schema.org","@graph":[{"@type":"WebPage","@id":"https:\/\/afundacion.tv\/gl\/centro-de-ayuda\/","url":"https:\/\/afundacion.tv\/gl\/centro-de-ayuda\/","name":"Contacto | Afundaci\u00f3n TV - Plataforma dixital de contido en li\u00f1a","isPartOf":{"@id":"https:\/\/afundacion.tv\/#website"},"primaryImageOfPage":{"@id":"https:\/\/afundacion.tv\/gl\/centro-de-ayuda\/#primaryimage"},"image":{"@id":"https:\/\/afundacion.tv\/gl\/centro-de-ayuda\/#primaryimage"},"thumbnailUrl":"https:\/\/afundacion.tv\/wp-content\/uploads\/2021\/05\/telefono-icono.svg","datePublished":"2021-05-06T09:14:38+00:00","dateModified":"2021-10-27T12:21:26+00:00","description":"Se tes calquera d\u00fabida, comentario ou suxerencia, podes po\u00f1erche en contacto connosco, responder\u00e9mosche canto antes.","breadcrumb":{"@id":"https:\/\/afundacion.tv\/gl\/centro-de-ayuda\/#breadcrumb"},"inLanguage":"gl-ES","potentialAction":[{"@type":"ReadAction","target":["https:\/\/afundacion.tv\/gl\/centro-de-ayuda\/"]}]},{"@type":"ImageObject","inLanguage":"gl-ES","@id":"https:\/\/afundacion.tv\/gl\/centro-de-ayuda\/#primaryimage","url":"https:\/\/afundacion.tv\/wp-content\/uploads\/2021\/05\/telefono-icono.svg","contentUrl":"https:\/\/afundacion.tv\/wp-content\/uploads\/2021\/05\/telefono-icono.svg"},{"@type":"BreadcrumbList","@id":"https:\/\/afundacion.tv\/gl\/centro-de-ayuda\/#breadcrumb","itemListElement":[{"@type":"ListItem","position":1,"name":"Portada","item":"https:\/\/afundacion.tv\/"},{"@type":"ListItem","position":2,"name":"Cont\u00e1ctanos"}]},{"@type":"WebSite","@id":"https:\/\/afundacion.tv\/#website","url":"https:\/\/afundacion.tv\/","name":"Afundaci\u00f3n TV","description":"","publisher":{"@id":"https:\/\/afundacion.tv\/#organization"},"potentialAction":[{"@type":"SearchAction","target":{"@type":"EntryPoint","urlTemplate":"https:\/\/afundacion.tv\/?s={search_term_string}"},"query-input":{"@type":"PropertyValueSpecification","valueRequired":true,"valueName":"search_term_string"}}],"inLanguage":"gl-ES"},{"@type":"Organization","@id":"https:\/\/afundacion.tv\/#organization","name":"Afundacion TV","url":"https:\/\/afundacion.tv\/","logo":{"@type":"ImageObject","inLanguage":"gl-ES","@id":"https:\/\/afundacion.tv\/#\/schema\/logo\/image\/","url":"https:\/\/afundacion.tv\/wp-content\/uploads\/2021\/09\/atv-icon-152-01.png","contentUrl":"https:\/\/afundacion.tv\/wp-content\/uploads\/2021\/09\/atv-icon-152-01.png","width":153,"height":153,"caption":"Afundacion TV"},"image":{"@id":"https:\/\/afundacion.tv\/#\/schema\/logo\/image\/"}}]}},"_links":{"self":[{"href":"https:\/\/afundacion.tv\/gl\/wp-json\/wp\/v2\/pages\/1446","targetHints":{"allow":["GET"]}}],"collection":[{"href":"https:\/\/afundacion.tv\/gl\/wp-json\/wp\/v2\/pages"}],"about":[{"href":"https:\/\/afundacion.tv\/gl\/wp-json\/wp\/v2\/types\/page"}],"author":[{"embeddable":true,"href":"https:\/\/afundacion.tv\/gl\/wp-json\/wp\/v2\/users\/1"}],"replies":[{"embeddable":true,"href":"https:\/\/afundacion.tv\/gl\/wp-json\/wp\/v2\/comments?post=1446"}],"version-history":[{"count":5,"href":"https:\/\/afundacion.tv\/gl\/wp-json\/wp\/v2\/pages\/1446\/revisions"}],"predecessor-version":[{"id":3687,"href":"https:\/\/afundacion.tv\/gl\/wp-json\/wp\/v2\/pages\/1446\/revisions\/3687"}],"wp:attachment":[{"href":"https:\/\/afundacion.tv\/gl\/wp-json\/wp\/v2\/media?parent=1446"}],"curies":[{"name":"wp","href":"https:\/\/api.w.org\/{rel}","templated":true}]}}